{"id":2189,"date":"2015-05-28T16:30:35","date_gmt":"2015-05-28T20:30:35","guid":{"rendered":"https:\/\/www.nextdaycargo.com\/?page_id=2189"},"modified":"2023-06-13T04:24:43","modified_gmt":"2023-06-13T08:24:43","slug":"envios-a-panama","status":"publish","type":"page","link":"https:\/\/www.nextdaycargo.com\/en\/envios-a-panama\/","title":{"rendered":"Panama"},"content":{"rendered":"<h3><strong>Envios a Panam\u00e1 desde Miami<\/strong><\/h3>\n<p><a href=\"https:\/\/www.nextdaycargo.com\/wp-content\/uploads\/2018\/10\/envios-a-panama.png\"><img decoding=\"async\" class=\"size-full wp-image-3291 alignleft\" src=\"https:\/\/www.nextdaycargo.com\/wp-content\/uploads\/2018\/10\/envios-a-panama.png\" alt=\"\" width=\"211\" height=\"140\" \/><\/a><\/p>\n<p>Los env\u00edos a Panam\u00e1 salen de nuestros almacenes en Miami, FL todas las semanas hasta Ciudad de Panam\u00e1. Los env\u00edos a\u00e9reos salen 2 veces por semana y llegan a Panam\u00e1 en 3-4 d\u00edas. Los env\u00edos mar\u00edtimos salen 1 vez por semana y llegan puerta-a-puerta a su direcci\u00f3n en Panam\u00e1 en 3-4 semanas.<\/p>\n<p>Para proceder con sus env\u00edos a Panam\u00e1, haga llegar su mercanc\u00eda a nuestros almacenes en Doral, FL. Si se encuentra en el \u00e1rea de Miami podemos recoger sus cajas sin ning\u00fan costo adicional. Si entrega su mercanc\u00eda personalmente, por favor aseg\u00farese que sus cajas est\u00e1n debidamente marcadas con el nombre de la persona que recibe en Panam\u00e1, la direcci\u00f3n completa de entrega y los tel\u00e9fonos para contactar al destinatario.<\/p>\n<p>La persona que recibe la mercanc\u00eda en Panam\u00e1, debe registrarse como cliente en nuestra base de datos, llenando el siguiente formulario.<\/p>\n<p>El registro es totalmente gratuito:<\/p>\n<p><a title=\"Registro de clientes\" href=\"https:\/\/www.nextdaycargo.com\/registro-de-clientes\/\">Registro de Clientes<\/a><\/p>\n","protected":false},"excerpt":{"rendered":"<p>Envios a Panam\u00e1 desde Miami Los env\u00edos a Panam\u00e1 salen de nuestros almacenes en Miami, FL todas las semanas hasta Ciudad de Panam\u00e1. Los env\u00edos a\u00e9reos salen 2 veces por semana y llegan a Panam\u00e1 en 3-4 d\u00edas. Los env\u00edos mar\u00edtimos salen 1 vez por semana y llegan puerta-a-puerta a su direcci\u00f3n en Panam\u00e1 en [&hellip;]<\/p>\n","protected":false},"author":4,"featured_media":0,"parent":0,"menu_order":0,"comment_status":"closed","ping_status":"open","template":"","meta":{"_monsterinsights_skip_tracking":false,"_monsterinsights_sitenote_active":false,"_monsterinsights_sitenote_note":"","_monsterinsights_sitenote_category":0,"footnotes":""},"class_list":["post-2189","page","type-page","status-publish","hentry","post"],"aioseo_notices":[],"_links":{"self":[{"href":"https:\/\/www.nextdaycargo.com\/en\/wp-json\/wp\/v2\/pages\/2189","targetHints":{"allow":["GET"]}}],"collection":[{"href":"https:\/\/www.nextdaycargo.com\/en\/wp-json\/wp\/v2\/pages"}],"about":[{"href":"https:\/\/www.nextdaycargo.com\/en\/wp-json\/wp\/v2\/types\/page"}],"author":[{"embeddable":true,"href":"https:\/\/www.nextdaycargo.com\/en\/wp-json\/wp\/v2\/users\/4"}],"replies":[{"embeddable":true,"href":"https:\/\/www.nextdaycargo.com\/en\/wp-json\/wp\/v2\/comments?post=2189"}],"version-history":[{"count":1,"href":"https:\/\/www.nextdaycargo.com\/en\/wp-json\/wp\/v2\/pages\/2189\/revisions"}],"predecessor-version":[{"id":3610,"href":"https:\/\/www.nextdaycargo.com\/en\/wp-json\/wp\/v2\/pages\/2189\/revisions\/3610"}],"wp:attachment":[{"href":"https:\/\/www.nextdaycargo.com\/en\/wp-json\/wp\/v2\/media?parent=2189"}],"curies":[{"name":"wp","href":"https:\/\/api.w.org\/{rel}","templated":true}]}}