{"id":127,"date":"2012-04-26T13:47:50","date_gmt":"2012-04-26T17:47:50","guid":{"rendered":"http:\/\/enviosavenezuela.com.ve\/?page_id=127"},"modified":"2026-01-08T05:54:25","modified_gmt":"2026-01-08T10:54:25","slug":"rastreo-de-paquetes","status":"publish","type":"page","link":"https:\/\/www.nextdaycargo.com\/en\/servicios\/rastreo-de-paquetes\/","title":{"rendered":"Rastreo de Paquetes"},"content":{"rendered":"<div style=\"text-align:center;\">\n  <iframe\n    src=\"https:\/\/tracking.magaya.com\/?orgname=13907\"\n   width=\"100%\" height=\"800\" frameborder=\"0\" marginheight=\"0\" marginwidth=\"0\"><br \/>\n  <\/iframe>\n<\/div>\n<p>\u00a0<\/p>\n<h1>Rastreo de Paquetes<\/h1>\n<p>El rastreo en l\u00ednea es la manera m\u00e1s r\u00e1pida de conocer en d\u00f3nde est\u00e1 su paquete en todo momento y en tiempo real. Con nuestro sistema de rastreo de paquetes usted puede verificar la ubicaci\u00f3n de su envio desde el momento que llega a nuestros almacenes en Miami, Florida USA hasta que llega a su destino final y obtendr\u00e1 detalles de rastreo punto por punto.<\/p>\n<h2>C\u00f3mo utilizar LiveTrack Magaya?<\/h2>\n<p>Con LiveTrack Magaya puede realizar un seguimiento de la carga movilizada por las empresas que forman parte de la Red Magaya. Con el fin de ver su carga, debe tener un nombre de usuario y la contrase\u00f1a que le ha asignado Next Day Cargo. Next Day Cargo le dar\u00e1 esta informaci\u00f3n a trav\u00e9s de un correo electr\u00f3nico de invitaci\u00f3n.<br \/>\n\u00a0<\/p>\n","protected":false},"excerpt":{"rendered":"<p>\u00a0 Rastreo de Paquetes El rastreo en l\u00ednea es la manera m\u00e1s r\u00e1pida de conocer en d\u00f3nde est\u00e1 su paquete en todo momento y en tiempo real. Con nuestro sistema de rastreo de paquetes usted puede verificar la ubicaci\u00f3n de su envio desde el momento que llega a nuestros almacenes en Miami, Florida USA hasta [&hellip;]<\/p>\n","protected":false},"author":2,"featured_media":0,"parent":63,"menu_order":0,"comment_status":"closed","ping_status":"closed","template":"","meta":{"_monsterinsights_skip_tracking":false,"_monsterinsights_sitenote_active":false,"_monsterinsights_sitenote_note":"","_monsterinsights_sitenote_category":0,"footnotes":""},"class_list":["post-127","page","type-page","status-publish","hentry","post"],"aioseo_notices":[],"_links":{"self":[{"href":"https:\/\/www.nextdaycargo.com\/en\/wp-json\/wp\/v2\/pages\/127","targetHints":{"allow":["GET"]}}],"collection":[{"href":"https:\/\/www.nextdaycargo.com\/en\/wp-json\/wp\/v2\/pages"}],"about":[{"href":"https:\/\/www.nextdaycargo.com\/en\/wp-json\/wp\/v2\/types\/page"}],"author":[{"embeddable":true,"href":"https:\/\/www.nextdaycargo.com\/en\/wp-json\/wp\/v2\/users\/2"}],"replies":[{"embeddable":true,"href":"https:\/\/www.nextdaycargo.com\/en\/wp-json\/wp\/v2\/comments?post=127"}],"version-history":[{"count":32,"href":"https:\/\/www.nextdaycargo.com\/en\/wp-json\/wp\/v2\/pages\/127\/revisions"}],"predecessor-version":[{"id":3832,"href":"https:\/\/www.nextdaycargo.com\/en\/wp-json\/wp\/v2\/pages\/127\/revisions\/3832"}],"up":[{"embeddable":true,"href":"https:\/\/www.nextdaycargo.com\/en\/wp-json\/wp\/v2\/pages\/63"}],"wp:attachment":[{"href":"https:\/\/www.nextdaycargo.com\/en\/wp-json\/wp\/v2\/media?parent=127"}],"curies":[{"name":"wp","href":"https:\/\/api.w.org\/{rel}","templated":true}]}}